{"id":6447,"date":"2021-06-07T11:45:29","date_gmt":"2021-06-07T16:45:29","guid":{"rendered":"https:\/\/teach.clasico.com.do\/?page_id=6447"},"modified":"2021-10-22T10:53:32","modified_gmt":"2021-10-22T14:53:32","slug":"clasificacion-beisbol-categoria-mini-2021","status":"publish","type":"page","link":"https:\/\/teach.clasico.com.do\/index.php\/clasificacion-beisbol-categoria-mini-2021\/","title":{"rendered":"Clasificaci\u00f3n B\u00e9isbol Categoria Mini 2021"},"content":{"rendered":"<p>[vc_row dpr_row_content_sizing=\u00bbfull_width_content\u00bb css=\u00bb.vc_custom_1631133342989{margin-top: -30px !important;}\u00bb][vc_column width=\u00bb1\/4&#8243; offset=\u00bbvc_hidden-sm vc_hidden-xs\u00bb][vc_single_image image=\u00bb6788&#8243; img_size=\u00bb150*150&#8243; alignment=\u00bbright\u00bb][\/vc_column][vc_column width=\u00bb3\/4&#8243; css=\u00bb.vc_custom_1624559057726{padding-bottom: 60px !important;}\u00bb][vc_column_text css=\u00bb.vc_custom_1631048233498{margin-top: 50px !important;}\u00bb]<\/p>\n<p style=\"text-align: center;\"><span style=\"font-size: 30pt; color: #d3a43d;\"><b>Clasificaci\u00f3n B\u00e9isbol Categor\u00eda Mini<\/b><\/span><\/p>\n<p>[\/vc_column_text][\/vc_column][\/vc_row][vc_row enable_bottom_divider=\u00bb\u00bb][vc_column width=\u00bb1\/4&#8243;][\/vc_column][vc_column width=\u00bb1\/4&#8243; css=\u00bb.vc_custom_1631133286203{margin-top: -80px !important;}\u00bb][vc_tta_accordion style=\u00bbstyle_3&#8243; title_font_size=\u00bb18&#8243; icon_font_size=\u00bb16&#8243; no_fill=\u00bbtrue\u00bb title_color=\u00bb#292933&#8243; title_color_active=\u00bb#d3ae5f\u00bb title_color_hover=\u00bb#d3ae5f\u00bb icon_color=\u00bb#292933&#8243; icon_color_active=\u00bb#d3ae5f\u00bb icon_color_hover=\u00bb#d3ae5f\u00bb][vc_tta_section add_icon=\u00bbyes\u00bb title=\u00bbTEMPORADA 2021&#8243; tab_id=\u00bb1615469685660-2da405dd-273d\u00bb icon=\u00bbDefault-graph4&#8243;][\/vc_tta_section][\/vc_tta_accordion][\/vc_column][vc_column width=\u00bb1\/4&#8243;][\/vc_column][vc_column width=\u00bb1\/4&#8243;][\/vc_column][\/vc_row][vc_row enable_bottom_divider=\u00bbyes\u00bb bottom_divider_type=\u00bbcurve2_bottom\u00bb bottom_divider_reverse=\u00bb\u00bb dpr_enable_responsive_options=\u00bbyes\u00bb bottom_divider_color=\u00bb#292933&#8243;][vc_column][\/vc_column][\/vc_row][vc_row css=\u00bb.vc_custom_1634914162676{padding-bottom: 40px !important;}\u00bb][vc_column width=\u00bb1\/6&#8243;][\/vc_column][vc_column width=\u00bb2\/3&#8243;][vc_column_text]<\/p>\n<blockquote><p><span style=\"font-size: 24pt; color: #000000;\"><strong>Tabla de Clasificaci\u00f3n<\/strong><\/span><\/p><\/blockquote>\n<p>[\/vc_column_text][vc_column_text]<div id=\"joomsport-container\" class=\"jsmodtbl_responsive\">\n            <div class=\"table-responsive\">\n                <table class=\"table table-striped cansorttbl\" id=\"jstable_1\">\n                    <thead>\n                        <tr>\n                            <th width=\"5%\" class=\"jsalcenter jsNoWrap\">\n\n                                    <span jsattr-short=\"#\" jsattr-full=\"#\">\n                                    # \n                                    <\/span>\n\n                            <\/th>\n\n                            <th class=\"jsNoWrap jsalignleft\">\n\n                                    EQUIPOS\n                            <\/th>\n                                                                    <th class=\"jsalcenter jsNoWrap\" width=\"5%\">\n                                            <span jsattr-short=\"PJ\" jsattr-full=\"PJ\">\n                                            \n                                                PJ                                            <\/span>\n                                        <\/th>\n                                                                            <th class=\"jsalcenter jsNoWrap\" width=\"5%\">\n                                            <span jsattr-short=\"PG\" jsattr-full=\"PG\">\n                                            \n                                                PG                                            <\/span>\n                                        <\/th>\n                                                                            <th class=\"jsalcenter jsNoWrap\" width=\"5%\">\n                                            <span jsattr-short=\"PP\" jsattr-full=\"PP\">\n                                            \n                                                PP                                            <\/span>\n                                        <\/th>\n                                                                                    <th class=\"noSort jsNoWrap jsalcenter\">\n                                                    <span jsattr-short=\"\u00daLTIMOS 5 PARTIDOS\" jsattr-full=\"\u00daLTIMOS 5\">\n                                            \n                                                        \u00daLTIMOS 5                                                    <\/span>\n                                                <\/th>\n                                            \n                        <\/tr>\n                    <\/thead>\n                    <tbody>\n                                            <tr >\n                            <td class=\"jsalcenter\" \n\n                            style=\"box-shadow: inset 5px 0 0 0 #0000CC\">1<\/td>\n\n                            <td class=\"jsNoWrap jsalignleft\">\n                                <a href=\"https:\/\/teach.clasico.com.do\/index.php\/joomsport_team\/equipo-a\/?sid=6432\"><img class=\"img-thumbnail img-responsiveemblInline emblpadd3\" src=\"https:\/\/teach.clasico.com.do\/wp-content\/uploads\/2021\/09\/Logo-Azul-Claro-Clasico-150x150.png\" width=\"30\" style=\"max-width: 30px\" alt=\"Equipo A\" title=\"Equipo A\" \/><\/a><a href=\"https:\/\/teach.clasico.com.do\/index.php\/joomsport_team\/equipo-a\/?sid=6432\">Equipo A<\/a>                            <\/td>\n                                                                    <td class=\"jsalcenter jsNoWrap\">\n                                            18                                        <\/td>\n                                                                                <td class=\"jsalcenter jsNoWrap\">\n                                            11                                        <\/td>\n                                                                                <td class=\"jsalcenter jsNoWrap\">\n                                            7                                        <\/td>\n                                                                                <td class=\"jsalcenter jsNoWrap\">\n                                            <a href=\"https:\/\/teach.clasico.com.do\/index.php\/joomsport_match\/beisbol-jarabacoa-categoria-mini-equipo-a-vs-equipo-b-3\/\" title=\"3:1 (Equipo A - Equipo B)\n \" class=\"jstooltip\"><span class=\"jsform_none match_win\">V<\/span><\/a><a href=\"https:\/\/teach.clasico.com.do\/index.php\/joomsport_match\/beisbol-jarabacoa-categoria-mini-equipo-a-vs-equipo-c-4\/\" title=\"8:9 (Equipo A - Equipo C)\n \" class=\"jstooltip\"><span class=\"jsform_none match_loose\">D<\/span><\/a><a href=\"https:\/\/teach.clasico.com.do\/index.php\/joomsport_match\/beisbol-jarabacoa-categoria-mini-equipo-b-vs-equipo-a-4\/\" title=\"0:13 (Equipo B - Equipo A)\n \" class=\"jstooltip\"><span class=\"jsform_none match_win\">V<\/span><\/a><a href=\"https:\/\/teach.clasico.com.do\/index.php\/joomsport_match\/beisbol-jarabacoa-categoria-mini-equipo-a-vs-equipo-c-5\/\" title=\"3:1 (Equipo A - Equipo C)\n \" class=\"jstooltip\"><span class=\"jsform_none match_win\">V<\/span><\/a><a href=\"https:\/\/teach.clasico.com.do\/index.php\/joomsport_match\/beisbol-jarabacoa-categoria-mini-equipo-a-vs-equipo-b-4\/\" title=\"5:4 (Equipo A - Equipo B)\n \" class=\"jstooltip\"><span class=\"jsform_none match_win\">V<\/span><\/a>                                        <\/td>\n                                            \n                        <\/tr>\n                                                <tr >\n                            <td class=\"jsalcenter\" \n\n                            style=\"box-shadow: inset 5px 0 0 0 #0000CC\">2<\/td>\n\n                            <td class=\"jsNoWrap jsalignleft\">\n                                <a href=\"https:\/\/teach.clasico.com.do\/index.php\/joomsport_team\/equipo-c\/?sid=6432\"><img class=\"img-thumbnail img-responsiveemblInline emblpadd3\" src=\"https:\/\/teach.clasico.com.do\/wp-content\/uploads\/2021\/09\/Logo-Marron-Clasico-150x150.png\" width=\"30\" style=\"max-width: 30px\" alt=\"Equipo C\" title=\"Equipo C\" \/><\/a><a href=\"https:\/\/teach.clasico.com.do\/index.php\/joomsport_team\/equipo-c\/?sid=6432\">Equipo C<\/a>                            <\/td>\n                                                                    <td class=\"jsalcenter jsNoWrap\">\n                                            16                                        <\/td>\n                                                                                <td class=\"jsalcenter jsNoWrap\">\n                                            8                                        <\/td>\n                                                                                <td class=\"jsalcenter jsNoWrap\">\n                                            8                                        <\/td>\n                                                                                <td class=\"jsalcenter jsNoWrap\">\n                                            <a href=\"https:\/\/teach.clasico.com.do\/index.php\/joomsport_match\/beisbol-jarabacoa-categoria-mini-equipo-c-vs-equipo-a-4\/\" title=\"0:12 (Equipo C - Equipo A)\n \" class=\"jstooltip\"><span class=\"jsform_none match_loose\">D<\/span><\/a><a href=\"https:\/\/teach.clasico.com.do\/index.php\/joomsport_match\/beisbol-jarabacoa-categoria-mini-equipo-c-vs-equipo-b-4\/\" title=\"3:2 (Equipo C - Equipo B)\n \" class=\"jstooltip\"><span class=\"jsform_none match_win\">V<\/span><\/a><a href=\"https:\/\/teach.clasico.com.do\/index.php\/joomsport_match\/beisbol-jarabacoa-categoria-mini-equipo-a-vs-equipo-c-4\/\" title=\"8:9 (Equipo A - Equipo C)\n \" class=\"jstooltip\"><span class=\"jsform_none match_win\">V<\/span><\/a><a href=\"https:\/\/teach.clasico.com.do\/index.php\/joomsport_match\/beisbol-jarabacoa-categoria-mini-equipo-b-vs-equipo-c-4\/\" title=\"4:2 (Equipo B - Equipo C)\n \" class=\"jstooltip\"><span class=\"jsform_none match_loose\">D<\/span><\/a><a href=\"https:\/\/teach.clasico.com.do\/index.php\/joomsport_match\/beisbol-jarabacoa-categoria-mini-equipo-a-vs-equipo-c-5\/\" title=\"3:1 (Equipo A - Equipo C)\n \" class=\"jstooltip\"><span class=\"jsform_none match_loose\">D<\/span><\/a>                                        <\/td>\n                                            \n                        <\/tr>\n                                                <tr >\n                            <td class=\"jsalcenter\" \n\n                            >3<\/td>\n\n                            <td class=\"jsNoWrap jsalignleft\">\n                                <a href=\"https:\/\/teach.clasico.com.do\/index.php\/joomsport_team\/equipo-b\/?sid=6432\"><img class=\"img-thumbnail img-responsiveemblInline emblpadd3\" src=\"https:\/\/teach.clasico.com.do\/wp-content\/uploads\/2021\/09\/Logo-Turquesa-Clasico-150x150.png\" width=\"30\" style=\"max-width: 30px\" alt=\"Equipo B\" title=\"Equipo B\" \/><\/a><a href=\"https:\/\/teach.clasico.com.do\/index.php\/joomsport_team\/equipo-b\/?sid=6432\">Equipo B<\/a>                            <\/td>\n                                                                    <td class=\"jsalcenter jsNoWrap\">\n                                            16                                        <\/td>\n                                                                                <td class=\"jsalcenter jsNoWrap\">\n                                            6                                        <\/td>\n                                                                                <td class=\"jsalcenter jsNoWrap\">\n                                            10                                        <\/td>\n                                                                                <td class=\"jsalcenter jsNoWrap\">\n                                            <a href=\"https:\/\/teach.clasico.com.do\/index.php\/joomsport_match\/beisbol-jarabacoa-categoria-mini-equipo-c-vs-equipo-b-4\/\" title=\"3:2 (Equipo C - Equipo B)\n \" class=\"jstooltip\"><span class=\"jsform_none match_loose\">D<\/span><\/a><a href=\"https:\/\/teach.clasico.com.do\/index.php\/joomsport_match\/beisbol-jarabacoa-categoria-mini-equipo-a-vs-equipo-b-3\/\" title=\"3:1 (Equipo A - Equipo B)\n \" class=\"jstooltip\"><span class=\"jsform_none match_loose\">D<\/span><\/a><a href=\"https:\/\/teach.clasico.com.do\/index.php\/joomsport_match\/beisbol-jarabacoa-categoria-mini-equipo-b-vs-equipo-c-4\/\" title=\"4:2 (Equipo B - Equipo C)\n \" class=\"jstooltip\"><span class=\"jsform_none match_win\">V<\/span><\/a><a href=\"https:\/\/teach.clasico.com.do\/index.php\/joomsport_match\/beisbol-jarabacoa-categoria-mini-equipo-b-vs-equipo-a-4\/\" title=\"0:13 (Equipo B - Equipo A)\n \" class=\"jstooltip\"><span class=\"jsform_none match_loose\">D<\/span><\/a><a href=\"https:\/\/teach.clasico.com.do\/index.php\/joomsport_match\/beisbol-jarabacoa-categoria-mini-equipo-a-vs-equipo-b-4\/\" title=\"5:4 (Equipo A - Equipo B)\n \" class=\"jstooltip\"><span class=\"jsform_none match_loose\">D<\/span><\/a>                                        <\/td>\n                                            \n                        <\/tr>\n                                            <\/tbody>    \n                <\/table>  \n            <\/div>\n\n                <div class=\"matchExtraFields\">\n            <\/div>\n    <div class=\"wdgtLegend\"><div class=\"jstbl_legend\"><div style=\"background-color:#0000CC\">&nbsp;<\/div><div><\/div><\/div><div class=\"jstbl_legend\"><div style=\"background-color:#0000CC\">&nbsp;<\/div><div><\/div><\/div><\/div><\/div>[\/vc_column_text][vc_row_inner dpr_row_content_sizing=\u00bbboxed\u00bb css=\u00bb.vc_custom_1631037215915{margin-top: -20px !important;}\u00bb][vc_column_inner width=\u00bb1\/2&#8243;][vc_column_text]<span style=\"font-size: 12pt;\"><strong><span style=\"color: #000000;\">Clasificaci\u00f3n<\/span><br \/>\n<\/strong><\/span><span style=\"font-size: 12pt;\"><span style=\"color: #0000cc;\">\u258c <span style=\"color: #000000;\">Clasifican a la final<\/span><\/span><\/span>[\/vc_column_text][\/vc_column_inner][vc_column_inner width=\u00bb1\/2&#8243;][vc_column_text]<strong><span style=\"font-size: 12pt;\"><span style=\"color: #000000;\">\u00daltimos 5 partidos \/ Formulario Actual<\/span><br \/>\n<\/span><\/strong><span style=\"font-size: 12pt;\"><span style=\"color: #01a252;\">\u258c <span style=\"color: #000000;\">Victoria <\/span><\/span><span style=\"color: #fbde2d;\"><span style=\"color: #000000;\">\u00a0<span style=\"color: #e83737;\">\u258c <span style=\"color: #000000;\">Derrota<\/span><\/span><\/span><\/span><\/span>[\/vc_column_text][\/vc_column_inner][\/vc_row_inner][\/vc_column][vc_column width=\u00bb1\/6&#8243;][\/vc_column][\/vc_row][vc_row][vc_column][vc_column_text css=\u00bb.vc_custom_1634746170457{margin-right: -400px !important;margin-left: -400px !important;padding-top: 5px !important;padding-bottom: 5px !important;background-image: url(https:\/\/teach.clasico.com.do\/wp-content\/uploads\/2021\/05\/Banner-.jpg?id=4514) !important;}\u00bb]<\/p>\n<p style=\"text-align: center;\"><strong><span style=\"color: #292933;\"><a style=\"color: #292933;\" href=\"https:\/\/teach.clasico.com.do\/index.php\/resultados-beisbol-categoria-mini-2021\/\">RESULTADOS<\/a> \u2502 <a style=\"color: #292933;\" href=\"https:\/\/teach.clasico.com.do\/index.php\/calendario-beisbol-categoria-mini-2021\/\">CALENDARIO<\/a> \u2502\u00a0<\/span><a href=\"https:\/\/teach.clasico.com.do\/index.php\/lideres-beisbol-categoria-mini-2021\/\"><span style=\"color: #292933;\">L\u00cdDERES EN BATEO<\/span><\/a><\/strong><\/p>\n<p>[\/vc_column_text][\/vc_column][\/vc_row]<\/p>\n","protected":false},"excerpt":{"rendered":"<p>[vc_row dpr_row_content_sizing=\u00bbfull_width_content\u00bb css=\u00bb.vc_custom_1631133342989{margin-top: -30px !important;}\u00bb][vc_column width=\u00bb1\/4&#8243; offset=\u00bbvc_hidden-sm vc_hidden-xs\u00bb][vc_single_image image=\u00bb6788&#8243; img_size=\u00bb150*150&#8243; alignment=\u00bbright\u00bb][\/vc_column][vc_column width=\u00bb3\/4&#8243; css=\u00bb.vc_custom_1624559057726{padding-bottom: 60px !important;}\u00bb][vc_column_text css=\u00bb.vc_custom_1631048233498{margin-top: 50px !important;}\u00bb] Clasificaci\u00f3n B\u00e9isbol Categor\u00eda Mini [\/vc_column_text][\/vc_column][\/vc_row][vc_row enable_bottom_divider=\u00bb\u00bb][vc_column width=\u00bb1\/4&#8243;][\/vc_column][vc_column width=\u00bb1\/4&#8243; css=\u00bb.vc_custom_1631133286203{margin-top: -80px !important;}\u00bb][vc_tta_accordion style=\u00bbstyle_3&#8243; title_font_size=\u00bb18&#8243; icon_font_size=\u00bb16&#8243; no_fill=\u00bbtrue\u00bb title_color=\u00bb#292933&#8243; title_color_active=\u00bb#d3ae5f\u00bb title_color_hover=\u00bb#d3ae5f\u00bb icon_color=\u00bb#292933&#8243; icon_color_active=\u00bb#d3ae5f\u00bb icon_color_hover=\u00bb#d3ae5f\u00bb][vc_tta_section add_icon=\u00bbyes\u00bb title=\u00bbTEMPORADA 2021&#8243; tab_id=\u00bb1615469685660-2da405dd-273d\u00bb icon=\u00bbDefault-graph4&#8243;][\/vc_tta_section][\/vc_tta_accordion][\/vc_column][vc_column width=\u00bb1\/4&#8243;][\/vc_column][vc_column width=\u00bb1\/4&#8243;][\/vc_column][\/vc_row][vc_row enable_bottom_divider=\u00bbyes\u00bb bottom_divider_type=\u00bbcurve2_bottom\u00bb bottom_divider_reverse=\u00bb\u00bb dpr_enable_responsive_options=\u00bbyes\u00bb bottom_divider_color=\u00bb#292933&#8243;][vc_column][\/vc_column][\/vc_row][vc_row css=\u00bb.vc_custom_1634914162676{padding-bottom: 40px !important;}\u00bb][vc_column width=\u00bb1\/6&#8243;][\/vc_column][vc_column [&hellip;]<\/p>\n","protected":false},"author":1,"featured_media":0,"parent":0,"menu_order":0,"comment_status":"closed","ping_status":"closed","template":"","meta":[],"tags":[],"_links":{"self":[{"href":"https:\/\/teach.clasico.com.do\/index.php\/wp-json\/wp\/v2\/pages\/6447"}],"collection":[{"href":"https:\/\/teach.clasico.com.do\/index.php\/wp-json\/wp\/v2\/pages"}],"about":[{"href":"https:\/\/teach.clasico.com.do\/index.php\/wp-json\/wp\/v2\/types\/page"}],"author":[{"embeddable":true,"href":"https:\/\/teach.clasico.com.do\/index.php\/wp-json\/wp\/v2\/users\/1"}],"replies":[{"embeddable":true,"href":"https:\/\/teach.clasico.com.do\/index.php\/wp-json\/wp\/v2\/comments?post=6447"}],"version-history":[{"count":39,"href":"https:\/\/teach.clasico.com.do\/index.php\/wp-json\/wp\/v2\/pages\/6447\/revisions"}],"predecessor-version":[{"id":7636,"href":"https:\/\/teach.clasico.com.do\/index.php\/wp-json\/wp\/v2\/pages\/6447\/revisions\/7636"}],"wp:attachment":[{"href":"https:\/\/teach.clasico.com.do\/index.php\/wp-json\/wp\/v2\/media?parent=6447"}],"wp:term":[{"taxonomy":"post_tag","embeddable":true,"href":"https:\/\/teach.clasico.com.do\/index.php\/wp-json\/wp\/v2\/tags?post=6447"}],"curies":[{"name":"wp","href":"https:\/\/api.w.org\/{rel}","templated":true}]}}